{"id":28,"date":"2025-11-13T05:58:42","date_gmt":"2025-11-13T05:58:42","guid":{"rendered":"https:\/\/azure-pig-210859.hostingersite.com\/?page_id=28"},"modified":"2026-03-02T07:49:23","modified_gmt":"2026-03-02T07:49:23","slug":"case","status":"publish","type":"page","link":"https:\/\/trueprocnc.com\/es\/caso-2\/","title":{"rendered":"CASO"},"content":{"rendered":"<div data-elementor-type=\"wp-page\" data-elementor-id=\"28\" class=\"elementor elementor-28\" data-elementor-post-type=\"page\">\n\t\t\t\t<div class=\"elementor-element elementor-element-7fc4902 e-con-full e-flex e-con e-parent\" data-id=\"7fc4902\" data-element_type=\"container\" data-settings=\"{&quot;background_background&quot;:&quot;classic&quot;}\">\n\t\t\t\t<div class=\"elementor-element elementor-element-6cb7613 elementor-widget elementor-widget-heading\" data-id=\"6cb7613\" data-element_type=\"widget\" data-widget_type=\"heading.default\">\n\t\t\t\t\t<h2 class=\"elementor-heading-title elementor-size-default\">caso<\/h2>\t\t\t\t<\/div>\n\t\t\t\t<div class=\"elementor-element elementor-element-b12a2e7 elementor-widget__width-inherit elementor-widget elementor-widget-shortcode\" data-id=\"b12a2e7\" data-element_type=\"widget\" data-widget_type=\"shortcode.default\">\n\t\t\t\t\t\t\t<div class=\"elementor-shortcode\"><nav aria-label=\"pan rallado\" class=\"rank-math-breadcrumb\"><p><span class=\"last\">Inicio<\/span><\/p><\/nav>\n<\/div>\n\t\t\t\t\t\t<\/div>\n\t\t\t\t<\/div>\n\t\t<div class=\"elementor-element elementor-element-f6460f3 e-flex e-con-boxed e-con e-parent\" data-id=\"f6460f3\" data-element_type=\"container\">\n\t\t\t\t\t<div class=\"e-con-inner\">\n\t\t\t\t\t<\/div>\n\t\t\t\t<\/div>\n\t\t<div class=\"elementor-element elementor-element-d236e4a e-flex e-con-boxed e-con e-parent\" data-id=\"d236e4a\" data-element_type=\"container\">\n\t\t\t\t\t<div class=\"e-con-inner\">\n\t\t\t\t<div class=\"elementor-element elementor-element-4e87b2e elementor-grid-3 elementor-grid-tablet-2 elementor-grid-mobile-1 elementor-posts--thumbnail-top elementor-widget elementor-widget-posts\" data-id=\"4e87b2e\" data-element_type=\"widget\" data-settings=\"{&quot;classic_columns&quot;:&quot;3&quot;,&quot;classic_columns_tablet&quot;:&quot;2&quot;,&quot;classic_columns_mobile&quot;:&quot;1&quot;,&quot;classic_row_gap&quot;:{&quot;unit&quot;:&quot;px&quot;,&quot;size&quot;:35,&quot;sizes&quot;:[]},&quot;classic_row_gap_tablet&quot;:{&quot;unit&quot;:&quot;px&quot;,&quot;size&quot;:&quot;&quot;,&quot;sizes&quot;:[]},&quot;classic_row_gap_mobile&quot;:{&quot;unit&quot;:&quot;px&quot;,&quot;size&quot;:&quot;&quot;,&quot;sizes&quot;:[]}}\" data-widget_type=\"posts.classic\">\n\t\t\t\t<div class=\"elementor-widget-container\">\n\t\t\t\t\t\t\t<div class=\"elementor-posts-container elementor-posts elementor-posts--skin-classic elementor-grid\" role=\"list\">\n\t\t\t\t<article class=\"elementor-post elementor-grid-item post-4629 post type-post status-publish format-standard has-post-thumbnail hentry category-news\" role=\"listitem\">\n\t\t\t\t<a class=\"elementor-post__thumbnail__link\" href=\"https:\/\/trueprocnc.com\/es\/atornilladora-automatica-con-sujecion-automatica-para-montaje-de-ventanas-de-alta-eficiencia-2\/\" tabindex=\"-1\" >\n\t\t\t<div class=\"elementor-post__thumbnail\"><img fetchpriority=\"high\" decoding=\"async\" width=\"1500\" height=\"1500\" src=\"https:\/\/trueprocnc.com\/wp-content\/uploads\/2026\/02\/DSC03253.webp\" class=\"attachment-2048x2048 size-2048x2048 wp-image-4630\" alt=\"\" srcset=\"https:\/\/trueprocnc.com\/wp-content\/uploads\/2026\/02\/DSC03253.webp 1500w, https:\/\/trueprocnc.com\/wp-content\/uploads\/2026\/02\/DSC03253-300x300.webp 300w, https:\/\/trueprocnc.com\/wp-content\/uploads\/2026\/02\/DSC03253-1024x1024.webp 1024w, https:\/\/trueprocnc.com\/wp-content\/uploads\/2026\/02\/DSC03253-150x150.webp 150w, https:\/\/trueprocnc.com\/wp-content\/uploads\/2026\/02\/DSC03253-768x768.webp 768w\" sizes=\"(max-width: 1500px) 100vw, 1500px\" \/><\/div>\n\t\t<\/a>\n\t\t\t\t<div class=\"elementor-post__text\">\n\t\t\t\t<h3 class=\"elementor-post__title\">\n\t\t\t<a href=\"https:\/\/trueprocnc.com\/es\/atornilladora-automatica-con-sujecion-automatica-para-montaje-de-ventanas-de-alta-eficiencia-2\/\" >\n\t\t\t\tM\u00e1quina autom\u00e1tica de atornillado con sujeci\u00f3n autom\u00e1tica para el montaje de ventanas de alta eficiencia\t\t\t<\/a>\n\t\t<\/h3>\n\t\t\t\t<div class=\"elementor-post__meta-data\">\n\t\t\t\t\t<span class=\"elementor-post-date\">\n\t\t\t11 de febrero de 2026\t\t<\/span>\n\t\t\t\t<\/div>\n\t\t\t\t<div class=\"elementor-post__excerpt\">\n\t\t\t<p>En la fabricaci\u00f3n moderna de ventanas, la precisi\u00f3n y la velocidad son fundamentales. El apriete manual de los tornillos no s\u00f3lo ralentiza la producci\u00f3n, sino que tambi\u00e9n afecta a la coherencia del montaje. Un atornillador autom\u00e1tico<\/p>\n\t\t<\/div>\n\t\t\t\t\t<div class=\"elementor-post__read-more-wrapper\">\n\t\t\n\t\t<a class=\"elementor-post__read-more\" href=\"https:\/\/trueprocnc.com\/es\/atornilladora-automatica-con-sujecion-automatica-para-montaje-de-ventanas-de-alta-eficiencia-2\/\" aria-label=\"M\u00e1s informaci\u00f3n sobre Atornilladora autom\u00e1tica con sujeci\u00f3n autom\u00e1tica para el montaje de ventanas de alta eficiencia\" tabindex=\"-1\" >\n\t\t\t\t\t<\/a>\n\n\t\t\t\t\t<\/div>\n\t\t\t\t<\/div>\n\t\t\t\t<\/article>\n\t\t\t\t<article class=\"elementor-post elementor-grid-item post-4626 post type-post status-publish format-standard has-post-thumbnail hentry category-news\" role=\"listitem\">\n\t\t\t\t<a class=\"elementor-post__thumbnail__link\" href=\"https:\/\/trueprocnc.com\/es\/guia-completa-de-mantenimiento-y-resolucion-de-problemas-para-fresadoras-de-ranuras-de-agua-edicion-2026-2\/\" tabindex=\"-1\" >\n\t\t\t<div class=\"elementor-post__thumbnail\"><img decoding=\"async\" width=\"600\" height=\"800\" src=\"https:\/\/trueprocnc.com\/wp-content\/uploads\/2026\/02\/image.webp\" class=\"attachment-2048x2048 size-2048x2048 wp-image-4627\" alt=\"\" srcset=\"https:\/\/trueprocnc.com\/wp-content\/uploads\/2026\/02\/image.webp 600w, https:\/\/trueprocnc.com\/wp-content\/uploads\/2026\/02\/image-225x300.webp 225w\" sizes=\"(max-width: 600px) 100vw, 600px\" \/><\/div>\n\t\t<\/a>\n\t\t\t\t<div class=\"elementor-post__text\">\n\t\t\t\t<h3 class=\"elementor-post__title\">\n\t\t\t<a href=\"https:\/\/trueprocnc.com\/es\/guia-completa-de-mantenimiento-y-resolucion-de-problemas-para-fresadoras-de-ranuras-de-agua-edicion-2026-2\/\" >\n\t\t\t\tGu\u00eda completa de mantenimiento y resoluci\u00f3n de problemas para fresadoras de ranura de agua (Edici\u00f3n 2026)\t\t\t<\/a>\n\t\t<\/h3>\n\t\t\t\t<div class=\"elementor-post__meta-data\">\n\t\t\t\t\t<span class=\"elementor-post-date\">\n\t\t\t11 de febrero de 2026\t\t<\/span>\n\t\t\t\t<\/div>\n\t\t\t\t<div class=\"elementor-post__excerpt\">\n\t\t\t<p>Las fresadoras de ranuras de agua desempe\u00f1an un papel fundamental en la fabricaci\u00f3n de ventanas de aluminio y PVC. Un mantenimiento adecuado no solo prolonga la vida \u00fatil del equipo, sino que tambi\u00e9n garantiza la precisi\u00f3n,<\/p>\n\t\t<\/div>\n\t\t\t\t\t<div class=\"elementor-post__read-more-wrapper\">\n\t\t\n\t\t<a class=\"elementor-post__read-more\" href=\"https:\/\/trueprocnc.com\/es\/guia-completa-de-mantenimiento-y-resolucion-de-problemas-para-fresadoras-de-ranuras-de-agua-edicion-2026-2\/\" aria-label=\"M\u00e1s informaci\u00f3n sobre Gu\u00eda completa de mantenimiento y resoluci\u00f3n de problemas para fresadoras de ranuras de agua (Edici\u00f3n 2026)\" tabindex=\"-1\" >\n\t\t\t\t\t<\/a>\n\n\t\t\t\t\t<\/div>\n\t\t\t\t<\/div>\n\t\t\t\t<\/article>\n\t\t\t\t<article class=\"elementor-post elementor-grid-item post-4622 post type-post status-publish format-standard has-post-thumbnail hentry category-news\" role=\"listitem\">\n\t\t\t\t<a class=\"elementor-post__thumbnail__link\" href=\"https:\/\/trueprocnc.com\/es\/truetec-en-glass-south-america-elevando-los-estandares-de-procesamiento-del-vidrio-2\/\" tabindex=\"-1\" >\n\t\t\t<div class=\"elementor-post__thumbnail\"><img decoding=\"async\" width=\"800\" height=\"600\" src=\"https:\/\/trueprocnc.com\/wp-content\/uploads\/2026\/02\/xw12.webp\" class=\"attachment-2048x2048 size-2048x2048 wp-image-4623\" alt=\"\" srcset=\"https:\/\/trueprocnc.com\/wp-content\/uploads\/2026\/02\/xw12.webp 800w, https:\/\/trueprocnc.com\/wp-content\/uploads\/2026\/02\/xw12-300x225.webp 300w, https:\/\/trueprocnc.com\/wp-content\/uploads\/2026\/02\/xw12-768x576.webp 768w\" sizes=\"(max-width: 800px) 100vw, 800px\" \/><\/div>\n\t\t<\/a>\n\t\t\t\t<div class=\"elementor-post__text\">\n\t\t\t\t<h3 class=\"elementor-post__title\">\n\t\t\t<a href=\"https:\/\/trueprocnc.com\/es\/truetec-en-glass-south-america-elevando-los-estandares-de-procesamiento-del-vidrio-2\/\" >\n\t\t\t\tTruetec en GLASS SOUTH AMERICA; Elevando los Est\u00e1ndares de Procesamiento del Vidrio\t\t\t<\/a>\n\t\t<\/h3>\n\t\t\t\t<div class=\"elementor-post__meta-data\">\n\t\t\t\t\t<span class=\"elementor-post-date\">\n\t\t\t11 de febrero de 2026\t\t<\/span>\n\t\t\t\t<\/div>\n\t\t\t\t<div class=\"elementor-post__excerpt\">\n\t\t\t<p>Estamos encantados de anunciar que Truetec, l\u00edder en m\u00e1quinas de corte de vidrio de \u00faltima generaci\u00f3n, particip\u00f3 con orgullo en la prestigiosa exposici\u00f3n GLASS SOUTH AMERICA celebrada en Brasil.<\/p>\n\t\t<\/div>\n\t\t\t\t\t<div class=\"elementor-post__read-more-wrapper\">\n\t\t\n\t\t<a class=\"elementor-post__read-more\" href=\"https:\/\/trueprocnc.com\/es\/truetec-en-glass-south-america-elevando-los-estandares-de-procesamiento-del-vidrio-2\/\" aria-label=\"M\u00e1s informaci\u00f3n sobre Truetec en GLASS SOUTH AMERICA; Elevating Glass Processing Standards\" tabindex=\"-1\" >\n\t\t\t\t\t<\/a>\n\n\t\t\t\t\t<\/div>\n\t\t\t\t<\/div>\n\t\t\t\t<\/article>\n\t\t\t\t<article class=\"elementor-post elementor-grid-item post-4589 post type-post status-publish format-standard has-post-thumbnail hentry category-case-study\" role=\"listitem\">\n\t\t\t\t<a class=\"elementor-post__thumbnail__link\" href=\"https:\/\/trueprocnc.com\/es\/venta-caliente-linea-de-produccion-de-perfiles-de-pvc-de-nuestro-agente-ruso-2\/\" tabindex=\"-1\" >\n\t\t\t<div class=\"elementor-post__thumbnail\"><img loading=\"lazy\" decoding=\"async\" width=\"2048\" height=\"1480\" src=\"https:\/\/trueprocnc.com\/wp-content\/uploads\/2026\/02\/\u56fe\u72473-2048x1480.webp\" class=\"attachment-2048x2048 size-2048x2048 wp-image-4590\" alt=\"\" srcset=\"https:\/\/trueprocnc.com\/wp-content\/uploads\/2026\/02\/\u56fe\u72473-2048x1480.webp 2048w, https:\/\/trueprocnc.com\/wp-content\/uploads\/2026\/02\/\u56fe\u72473-300x217.webp 300w, https:\/\/trueprocnc.com\/wp-content\/uploads\/2026\/02\/\u56fe\u72473-1024x740.webp 1024w, https:\/\/trueprocnc.com\/wp-content\/uploads\/2026\/02\/\u56fe\u72473-768x555.webp 768w, https:\/\/trueprocnc.com\/wp-content\/uploads\/2026\/02\/\u56fe\u72473-1536x1110.webp 1536w\" sizes=\"(max-width: 2048px) 100vw, 2048px\" \/><\/div>\n\t\t<\/a>\n\t\t\t\t<div class=\"elementor-post__text\">\n\t\t\t\t<h3 class=\"elementor-post__title\">\n\t\t\t<a href=\"https:\/\/trueprocnc.com\/es\/venta-caliente-linea-de-produccion-de-perfiles-de-pvc-de-nuestro-agente-ruso-2\/\" >\n\t\t\t\tVenta caliente L\u00ednea de producci\u00f3n de perfiles de PVC de nuestro agente ruso\t\t\t<\/a>\n\t\t<\/h3>\n\t\t\t\t<div class=\"elementor-post__meta-data\">\n\t\t\t\t\t<span class=\"elementor-post-date\">\n\t\t\t11 de febrero de 2026\t\t<\/span>\n\t\t\t\t<\/div>\n\t\t\t\t<div class=\"elementor-post__excerpt\">\n\t\t\t<p>A trav\u00e9s de nuestro agente especializado en Rusia, entregamos con \u00e9xito una l\u00ednea de producci\u00f3n de perfiles de PVC de gran demanda, dise\u00f1ada espec\u00edficamente para la fabricaci\u00f3n de ventanas y puertas de PVC. La presencia<\/p>\n\t\t<\/div>\n\t\t\t\t\t<div class=\"elementor-post__read-more-wrapper\">\n\t\t\n\t\t<a class=\"elementor-post__read-more\" href=\"https:\/\/trueprocnc.com\/es\/venta-caliente-linea-de-produccion-de-perfiles-de-pvc-de-nuestro-agente-ruso-2\/\" aria-label=\"M\u00e1s informaci\u00f3n sobre Venta caliente L\u00ednea de producci\u00f3n de perfiles de PVC de nuestro agente ruso\" tabindex=\"-1\" >\n\t\t\t\t\t<\/a>\n\n\t\t\t\t\t<\/div>\n\t\t\t\t<\/div>\n\t\t\t\t<\/article>\n\t\t\t\t<article class=\"elementor-post elementor-grid-item post-4586 post type-post status-publish format-standard has-post-thumbnail hentry category-case-study\" role=\"listitem\">\n\t\t\t\t<a class=\"elementor-post__thumbnail__link\" href=\"https:\/\/trueprocnc.com\/es\/linea-de-produccion-automatizada-de-maquinaria-para-el-tratamiento-profundo-del-vidrio-en-la-india-2\/\" tabindex=\"-1\" >\n\t\t\t<div class=\"elementor-post__thumbnail\"><img loading=\"lazy\" decoding=\"async\" width=\"2048\" height=\"1536\" src=\"https:\/\/trueprocnc.com\/wp-content\/uploads\/2026\/02\/\u56fe\u72472-1-2048x1536.webp\" class=\"attachment-2048x2048 size-2048x2048 wp-image-4587\" alt=\"\" srcset=\"https:\/\/trueprocnc.com\/wp-content\/uploads\/2026\/02\/\u56fe\u72472-1-2048x1536.webp 2048w, https:\/\/trueprocnc.com\/wp-content\/uploads\/2026\/02\/\u56fe\u72472-1-300x225.webp 300w, https:\/\/trueprocnc.com\/wp-content\/uploads\/2026\/02\/\u56fe\u72472-1-1024x768.webp 1024w, https:\/\/trueprocnc.com\/wp-content\/uploads\/2026\/02\/\u56fe\u72472-1-768x576.webp 768w, https:\/\/trueprocnc.com\/wp-content\/uploads\/2026\/02\/\u56fe\u72472-1-1536x1152.webp 1536w\" sizes=\"(max-width: 2048px) 100vw, 2048px\" \/><\/div>\n\t\t<\/a>\n\t\t\t\t<div class=\"elementor-post__text\">\n\t\t\t\t<h3 class=\"elementor-post__title\">\n\t\t\t<a href=\"https:\/\/trueprocnc.com\/es\/linea-de-produccion-automatizada-de-maquinaria-para-el-tratamiento-profundo-del-vidrio-en-la-india-2\/\" >\n\t\t\t\tL\u00ednea de producci\u00f3n automatizada de maquinaria de procesamiento profundo de vidrio de la India\t\t\t<\/a>\n\t\t<\/h3>\n\t\t\t\t<div class=\"elementor-post__meta-data\">\n\t\t\t\t\t<span class=\"elementor-post-date\">\n\t\t\t11 de febrero de 2026\t\t<\/span>\n\t\t\t\t<\/div>\n\t\t\t\t<div class=\"elementor-post__excerpt\">\n\t\t\t<p>En la India, un importante cliente adquiri\u00f3 con \u00e9xito nuestra l\u00ednea de producci\u00f3n automatizada integral de maquinaria para el tratamiento profundo del vidrio. Esta soluci\u00f3n integral cuenta con avanzadas l\u00edneas de corte de vidrio, l\u00edneas de<\/p>\n\t\t<\/div>\n\t\t\t\t\t<div class=\"elementor-post__read-more-wrapper\">\n\t\t\n\t\t<a class=\"elementor-post__read-more\" href=\"https:\/\/trueprocnc.com\/es\/linea-de-produccion-automatizada-de-maquinaria-para-el-tratamiento-profundo-del-vidrio-en-la-india-2\/\" aria-label=\"M\u00e1s informaci\u00f3n sobre L\u00ednea de producci\u00f3n automatizada de maquinaria para el tratamiento profundo del vidrio de la India\" tabindex=\"-1\" >\n\t\t\t\t\t<\/a>\n\n\t\t\t\t\t<\/div>\n\t\t\t\t<\/div>\n\t\t\t\t<\/article>\n\t\t\t\t<article class=\"elementor-post elementor-grid-item post-4583 post type-post status-publish format-standard has-post-thumbnail hentry category-case-study\" role=\"listitem\">\n\t\t\t\t<a class=\"elementor-post__thumbnail__link\" href=\"https:\/\/trueprocnc.com\/es\/georgian-aluminum-profiles-equipment-plant-production-line\/\" tabindex=\"-1\" >\n\t\t\t<div class=\"elementor-post__thumbnail\"><img loading=\"lazy\" decoding=\"async\" width=\"1200\" height=\"1600\" src=\"https:\/\/trueprocnc.com\/wp-content\/uploads\/2026\/02\/\u56fe\u72471-1.webp\" class=\"attachment-2048x2048 size-2048x2048 wp-image-4584\" alt=\"\" srcset=\"https:\/\/trueprocnc.com\/wp-content\/uploads\/2026\/02\/\u56fe\u72471-1.webp 1200w, https:\/\/trueprocnc.com\/wp-content\/uploads\/2026\/02\/\u56fe\u72471-1-225x300.webp 225w, https:\/\/trueprocnc.com\/wp-content\/uploads\/2026\/02\/\u56fe\u72471-1-768x1024.webp 768w, https:\/\/trueprocnc.com\/wp-content\/uploads\/2026\/02\/\u56fe\u72471-1-1152x1536.webp 1152w\" sizes=\"(max-width: 1200px) 100vw, 1200px\" \/><\/div>\n\t\t<\/a>\n\t\t\t\t<div class=\"elementor-post__text\">\n\t\t\t\t<h3 class=\"elementor-post__title\">\n\t\t\t<a href=\"https:\/\/trueprocnc.com\/es\/georgian-aluminum-profiles-equipment-plant-production-line\/\" >\n\t\t\t\tL\u00ednea de producci\u00f3n de la planta de perfiles de aluminio de Georgia\t\t\t<\/a>\n\t\t<\/h3>\n\t\t\t\t<div class=\"elementor-post__meta-data\">\n\t\t\t\t\t<span class=\"elementor-post-date\">\n\t\t\t11 de febrero de 2026\t\t<\/span>\n\t\t\t\t<\/div>\n\t\t\t\t<div class=\"elementor-post__excerpt\">\n\t\t\t<p>La Planta de Equipamiento de Perfiles de Aluminio de Georgia adquiri\u00f3 con \u00e9xito una l\u00ednea de producci\u00f3n completa que incluye sierras avanzadas de corte de perfiles de aluminio y maquinaria relacionada. Esta soluci\u00f3n llave en mano, suministrada<\/p>\n\t\t<\/div>\n\t\t\t\t\t<div class=\"elementor-post__read-more-wrapper\">\n\t\t\n\t\t<a class=\"elementor-post__read-more\" href=\"https:\/\/trueprocnc.com\/es\/georgian-aluminum-profiles-equipment-plant-production-line\/\" aria-label=\"M\u00e1s informaci\u00f3n sobre Georgian Aluminum Profiles Equipment Plant Production Line\" tabindex=\"-1\" >\n\t\t\t\t\t<\/a>\n\n\t\t\t\t\t<\/div>\n\t\t\t\t<\/div>\n\t\t\t\t<\/article>\n\t\t\t\t<\/div>\n\t\t\n\t\t\t\t\t\t<\/div>\n\t\t\t\t<\/div>\n\t\t\t\t\t<\/div>\n\t\t\t\t<\/div>\n\t\t\t\t<\/div>","protected":false},"excerpt":{"rendered":"<p>caso<\/p>","protected":false},"author":3,"featured_media":0,"parent":0,"menu_order":0,"comment_status":"closed","ping_status":"closed","template":"","meta":{"_acf_changed":false,"footnotes":""},"class_list":["post-28","page","type-page","status-publish","hentry"],"acf":[],"_links":{"self":[{"href":"https:\/\/trueprocnc.com\/es\/wp-json\/wp\/v2\/pages\/28","targetHints":{"allow":["GET"]}}],"collection":[{"href":"https:\/\/trueprocnc.com\/es\/wp-json\/wp\/v2\/pages"}],"about":[{"href":"https:\/\/trueprocnc.com\/es\/wp-json\/wp\/v2\/types\/page"}],"author":[{"embeddable":true,"href":"https:\/\/trueprocnc.com\/es\/wp-json\/wp\/v2\/users\/3"}],"replies":[{"embeddable":true,"href":"https:\/\/trueprocnc.com\/es\/wp-json\/wp\/v2\/comments?post=28"}],"version-history":[{"count":0,"href":"https:\/\/trueprocnc.com\/es\/wp-json\/wp\/v2\/pages\/28\/revisions"}],"wp:attachment":[{"href":"https:\/\/trueprocnc.com\/es\/wp-json\/wp\/v2\/media?parent=28"}],"curies":[{"name":"wp","href":"https:\/\/api.w.org\/{rel}","templated":true}]}}