{"id":28,"date":"2025-11-13T05:58:42","date_gmt":"2025-11-13T05:58:42","guid":{"rendered":"https:\/\/azure-pig-210859.hostingersite.com\/?page_id=28"},"modified":"2026-03-02T07:49:23","modified_gmt":"2026-03-02T07:49:23","slug":"case","status":"publish","type":"page","link":"https:\/\/trueprocnc.com\/fr\/cas-2\/","title":{"rendered":"CASE"},"content":{"rendered":"<div data-elementor-type=\"wp-page\" data-elementor-id=\"28\" class=\"elementor elementor-28\" data-elementor-post-type=\"page\">\n\t\t\t\t<div class=\"elementor-element elementor-element-7fc4902 e-con-full e-flex e-con e-parent\" data-id=\"7fc4902\" data-element_type=\"container\" data-settings=\"{&quot;background_background&quot;:&quot;classic&quot;}\">\n\t\t\t\t<div class=\"elementor-element elementor-element-6cb7613 elementor-widget elementor-widget-heading\" data-id=\"6cb7613\" data-element_type=\"widget\" data-widget_type=\"heading.default\">\n\t\t\t\t\t<h2 class=\"elementor-heading-title elementor-size-default\">cas<\/h2>\t\t\t\t<\/div>\n\t\t\t\t<div class=\"elementor-element elementor-element-b12a2e7 elementor-widget__width-inherit elementor-widget elementor-widget-shortcode\" data-id=\"b12a2e7\" data-element_type=\"widget\" data-widget_type=\"shortcode.default\">\n\t\t\t\t\t\t\t<div class=\"elementor-shortcode\"><nav aria-label=\"chapelure\" class=\"rank-math-breadcrumb\"><p><span class=\"last\">Accueil<\/span><\/p><\/nav>\n<\/div>\n\t\t\t\t\t\t<\/div>\n\t\t\t\t<\/div>\n\t\t<div class=\"elementor-element elementor-element-f6460f3 e-flex e-con-boxed e-con e-parent\" data-id=\"f6460f3\" data-element_type=\"container\">\n\t\t\t\t\t<div class=\"e-con-inner\">\n\t\t\t\t\t<\/div>\n\t\t\t\t<\/div>\n\t\t<div class=\"elementor-element elementor-element-d236e4a e-flex e-con-boxed e-con e-parent\" data-id=\"d236e4a\" data-element_type=\"container\">\n\t\t\t\t\t<div class=\"e-con-inner\">\n\t\t\t\t<div class=\"elementor-element elementor-element-4e87b2e elementor-grid-3 elementor-grid-tablet-2 elementor-grid-mobile-1 elementor-posts--thumbnail-top elementor-widget elementor-widget-posts\" data-id=\"4e87b2e\" data-element_type=\"widget\" data-settings=\"{&quot;classic_columns&quot;:&quot;3&quot;,&quot;classic_columns_tablet&quot;:&quot;2&quot;,&quot;classic_columns_mobile&quot;:&quot;1&quot;,&quot;classic_row_gap&quot;:{&quot;unit&quot;:&quot;px&quot;,&quot;size&quot;:35,&quot;sizes&quot;:[]},&quot;classic_row_gap_tablet&quot;:{&quot;unit&quot;:&quot;px&quot;,&quot;size&quot;:&quot;&quot;,&quot;sizes&quot;:[]},&quot;classic_row_gap_mobile&quot;:{&quot;unit&quot;:&quot;px&quot;,&quot;size&quot;:&quot;&quot;,&quot;sizes&quot;:[]}}\" data-widget_type=\"posts.classic\">\n\t\t\t\t<div class=\"elementor-widget-container\">\n\t\t\t\t\t\t\t<div class=\"elementor-posts-container elementor-posts elementor-posts--skin-classic elementor-grid\" role=\"list\">\n\t\t\t\t<article class=\"elementor-post elementor-grid-item post-4629 post type-post status-publish format-standard has-post-thumbnail hentry category-news\" role=\"listitem\">\n\t\t\t\t<a class=\"elementor-post__thumbnail__link\" href=\"https:\/\/trueprocnc.com\/fr\/machine-automatique-de-fixation-de-vis-avec-serrage-automatique-pour-lassemblage-de-fenetres-a-haut-rendement-2\/\" tabindex=\"-1\" >\n\t\t\t<div class=\"elementor-post__thumbnail\"><img fetchpriority=\"high\" decoding=\"async\" width=\"1500\" height=\"1500\" src=\"https:\/\/trueprocnc.com\/wp-content\/uploads\/2026\/02\/DSC03253.webp\" class=\"attachment-2048x2048 size-2048x2048 wp-image-4630\" alt=\"\" srcset=\"https:\/\/trueprocnc.com\/wp-content\/uploads\/2026\/02\/DSC03253.webp 1500w, https:\/\/trueprocnc.com\/wp-content\/uploads\/2026\/02\/DSC03253-300x300.webp 300w, https:\/\/trueprocnc.com\/wp-content\/uploads\/2026\/02\/DSC03253-1024x1024.webp 1024w, https:\/\/trueprocnc.com\/wp-content\/uploads\/2026\/02\/DSC03253-150x150.webp 150w, https:\/\/trueprocnc.com\/wp-content\/uploads\/2026\/02\/DSC03253-768x768.webp 768w\" sizes=\"(max-width: 1500px) 100vw, 1500px\" \/><\/div>\n\t\t<\/a>\n\t\t\t\t<div class=\"elementor-post__text\">\n\t\t\t\t<h3 class=\"elementor-post__title\">\n\t\t\t<a href=\"https:\/\/trueprocnc.com\/fr\/machine-automatique-de-fixation-de-vis-avec-serrage-automatique-pour-lassemblage-de-fenetres-a-haut-rendement-2\/\" >\n\t\t\t\tMachine automatique \u00e0 fixer les vis avec serrage automatique pour l'assemblage de fen\u00eatres \u00e0 haut rendement\t\t\t<\/a>\n\t\t<\/h3>\n\t\t\t\t<div class=\"elementor-post__meta-data\">\n\t\t\t\t\t<span class=\"elementor-post-date\">\n\t\t\t11 f\u00e9vrier 2026\t\t<\/span>\n\t\t\t\t<\/div>\n\t\t\t\t<div class=\"elementor-post__excerpt\">\n\t\t\t<p>Dans la fabrication moderne de fen\u00eatres, la pr\u00e9cision et la rapidit\u00e9 sont essentielles. Le serrage manuel des vis ne ralentit pas seulement la production, mais affecte \u00e9galement la coh\u00e9rence de l'assemblage. Un syst\u00e8me de vissage automatique<\/p>\n\t\t<\/div>\n\t\t\t\t\t<div class=\"elementor-post__read-more-wrapper\">\n\t\t\n\t\t<a class=\"elementor-post__read-more\" href=\"https:\/\/trueprocnc.com\/fr\/machine-automatique-de-fixation-de-vis-avec-serrage-automatique-pour-lassemblage-de-fenetres-a-haut-rendement-2\/\" aria-label=\"En savoir plus sur Machine \u00e0 visser automatique avec serrage automatique pour l&#039;assemblage de fen\u00eatres \u00e0 haut rendement\" tabindex=\"-1\" >\n\t\t\t\t\t<\/a>\n\n\t\t\t\t\t<\/div>\n\t\t\t\t<\/div>\n\t\t\t\t<\/article>\n\t\t\t\t<article class=\"elementor-post elementor-grid-item post-4626 post type-post status-publish format-standard has-post-thumbnail hentry category-news\" role=\"listitem\">\n\t\t\t\t<a class=\"elementor-post__thumbnail__link\" href=\"https:\/\/trueprocnc.com\/fr\/guide-complet-dentretien-et-de-depannage-des-fraiseuses-a-rainure-deau-edition-2026-2\/\" tabindex=\"-1\" >\n\t\t\t<div class=\"elementor-post__thumbnail\"><img decoding=\"async\" width=\"600\" height=\"800\" src=\"https:\/\/trueprocnc.com\/wp-content\/uploads\/2026\/02\/image.webp\" class=\"attachment-2048x2048 size-2048x2048 wp-image-4627\" alt=\"\" srcset=\"https:\/\/trueprocnc.com\/wp-content\/uploads\/2026\/02\/image.webp 600w, https:\/\/trueprocnc.com\/wp-content\/uploads\/2026\/02\/image-225x300.webp 225w\" sizes=\"(max-width: 600px) 100vw, 600px\" \/><\/div>\n\t\t<\/a>\n\t\t\t\t<div class=\"elementor-post__text\">\n\t\t\t\t<h3 class=\"elementor-post__title\">\n\t\t\t<a href=\"https:\/\/trueprocnc.com\/fr\/guide-complet-dentretien-et-de-depannage-des-fraiseuses-a-rainure-deau-edition-2026-2\/\" >\n\t\t\t\tGuide complet d'entretien et de d\u00e9pannage des fraiseuses \u00e0 rainure d'eau (\u00e9dition 2026)\t\t\t<\/a>\n\t\t<\/h3>\n\t\t\t\t<div class=\"elementor-post__meta-data\">\n\t\t\t\t\t<span class=\"elementor-post-date\">\n\t\t\t11 f\u00e9vrier 2026\t\t<\/span>\n\t\t\t\t<\/div>\n\t\t\t\t<div class=\"elementor-post__excerpt\">\n\t\t\t<p>Les fraiseuses \u00e0 rainure d'eau jouent un r\u00f4le essentiel dans la fabrication des fen\u00eatres en aluminium et en PVC. Un entretien ad\u00e9quat permet non seulement de prolonger la dur\u00e9e de vie de l'\u00e9quipement, mais aussi d'en garantir la pr\u00e9cision,<\/p>\n\t\t<\/div>\n\t\t\t\t\t<div class=\"elementor-post__read-more-wrapper\">\n\t\t\n\t\t<a class=\"elementor-post__read-more\" href=\"https:\/\/trueprocnc.com\/fr\/guide-complet-dentretien-et-de-depannage-des-fraiseuses-a-rainure-deau-edition-2026-2\/\" aria-label=\"En savoir plus sur Guide complet d&#039;entretien et de d\u00e9pannage des fraiseuses \u00e0 rainure d&#039;eau (\u00e9dition 2026)\" tabindex=\"-1\" >\n\t\t\t\t\t<\/a>\n\n\t\t\t\t\t<\/div>\n\t\t\t\t<\/div>\n\t\t\t\t<\/article>\n\t\t\t\t<article class=\"elementor-post elementor-grid-item post-4622 post type-post status-publish format-standard has-post-thumbnail hentry category-news\" role=\"listitem\">\n\t\t\t\t<a class=\"elementor-post__thumbnail__link\" href=\"https:\/\/trueprocnc.com\/fr\/truetec-au-salon-glass-south-america-pour-elever-les-normes-de-traitement-du-verre-2\/\" tabindex=\"-1\" >\n\t\t\t<div class=\"elementor-post__thumbnail\"><img decoding=\"async\" width=\"800\" height=\"600\" src=\"https:\/\/trueprocnc.com\/wp-content\/uploads\/2026\/02\/xw12.webp\" class=\"attachment-2048x2048 size-2048x2048 wp-image-4623\" alt=\"\" srcset=\"https:\/\/trueprocnc.com\/wp-content\/uploads\/2026\/02\/xw12.webp 800w, https:\/\/trueprocnc.com\/wp-content\/uploads\/2026\/02\/xw12-300x225.webp 300w, https:\/\/trueprocnc.com\/wp-content\/uploads\/2026\/02\/xw12-768x576.webp 768w\" sizes=\"(max-width: 800px) 100vw, 800px\" \/><\/div>\n\t\t<\/a>\n\t\t\t\t<div class=\"elementor-post__text\">\n\t\t\t\t<h3 class=\"elementor-post__title\">\n\t\t\t<a href=\"https:\/\/trueprocnc.com\/fr\/truetec-au-salon-glass-south-america-pour-elever-les-normes-de-traitement-du-verre-2\/\" >\n\t\t\t\tTruetec \u00e0 GLASS SOUTH AMERICA ; \u00c9lever les normes de traitement du verre\t\t\t<\/a>\n\t\t<\/h3>\n\t\t\t\t<div class=\"elementor-post__meta-data\">\n\t\t\t\t\t<span class=\"elementor-post-date\">\n\t\t\t11 f\u00e9vrier 2026\t\t<\/span>\n\t\t\t\t<\/div>\n\t\t\t\t<div class=\"elementor-post__excerpt\">\n\t\t\t<p>Nous sommes ravis d'annoncer que Truetec, leader dans le domaine des machines de d\u00e9coupe du verre, a fi\u00e8rement particip\u00e9 \u00e0 la prestigieuse exposition GLASS SOUTH AMERICA qui s'est tenue au Br\u00e9sil.<\/p>\n\t\t<\/div>\n\t\t\t\t\t<div class=\"elementor-post__read-more-wrapper\">\n\t\t\n\t\t<a class=\"elementor-post__read-more\" href=\"https:\/\/trueprocnc.com\/fr\/truetec-au-salon-glass-south-america-pour-elever-les-normes-de-traitement-du-verre-2\/\" aria-label=\"En savoir plus sur Truetec \u00e0 GLASS SOUTH AMERICA ; \u00c9lever les normes de traitement du verre\" tabindex=\"-1\" >\n\t\t\t\t\t<\/a>\n\n\t\t\t\t\t<\/div>\n\t\t\t\t<\/div>\n\t\t\t\t<\/article>\n\t\t\t\t<article class=\"elementor-post elementor-grid-item post-4589 post type-post status-publish format-standard has-post-thumbnail hentry category-case-study\" role=\"listitem\">\n\t\t\t\t<a class=\"elementor-post__thumbnail__link\" href=\"https:\/\/trueprocnc.com\/fr\/ligne-de-production-de-profiles-pvc-en-vente-a-chaud-par-notre-agent-russe\/\" tabindex=\"-1\" >\n\t\t\t<div class=\"elementor-post__thumbnail\"><img loading=\"lazy\" decoding=\"async\" width=\"2048\" height=\"1480\" src=\"https:\/\/trueprocnc.com\/wp-content\/uploads\/2026\/02\/\u56fe\u72473-2048x1480.webp\" class=\"attachment-2048x2048 size-2048x2048 wp-image-4590\" alt=\"\" srcset=\"https:\/\/trueprocnc.com\/wp-content\/uploads\/2026\/02\/\u56fe\u72473-2048x1480.webp 2048w, https:\/\/trueprocnc.com\/wp-content\/uploads\/2026\/02\/\u56fe\u72473-300x217.webp 300w, https:\/\/trueprocnc.com\/wp-content\/uploads\/2026\/02\/\u56fe\u72473-1024x740.webp 1024w, https:\/\/trueprocnc.com\/wp-content\/uploads\/2026\/02\/\u56fe\u72473-768x555.webp 768w, https:\/\/trueprocnc.com\/wp-content\/uploads\/2026\/02\/\u56fe\u72473-1536x1110.webp 1536w\" sizes=\"(max-width: 2048px) 100vw, 2048px\" \/><\/div>\n\t\t<\/a>\n\t\t\t\t<div class=\"elementor-post__text\">\n\t\t\t\t<h3 class=\"elementor-post__title\">\n\t\t\t<a href=\"https:\/\/trueprocnc.com\/fr\/ligne-de-production-de-profiles-pvc-en-vente-a-chaud-par-notre-agent-russe\/\" >\n\t\t\t\tLigne de production de profil\u00e9s en PVC en vente \u00e0 chaud par notre agent russe\t\t\t<\/a>\n\t\t<\/h3>\n\t\t\t\t<div class=\"elementor-post__meta-data\">\n\t\t\t\t\t<span class=\"elementor-post-date\">\n\t\t\t11 f\u00e9vrier 2026\t\t<\/span>\n\t\t\t\t<\/div>\n\t\t\t\t<div class=\"elementor-post__excerpt\">\n\t\t\t<p>Par l'interm\u00e9diaire de notre agent sp\u00e9cialis\u00e9 en Russie, nous avons livr\u00e9 avec succ\u00e8s une ligne de production de profil\u00e9s en PVC tr\u00e8s demand\u00e9e, sp\u00e9cialement con\u00e7ue pour la fabrication de fen\u00eatres et de portes en PVC. La pr\u00e9sence<\/p>\n\t\t<\/div>\n\t\t\t\t\t<div class=\"elementor-post__read-more-wrapper\">\n\t\t\n\t\t<a class=\"elementor-post__read-more\" href=\"https:\/\/trueprocnc.com\/fr\/ligne-de-production-de-profiles-pvc-en-vente-a-chaud-par-notre-agent-russe\/\" aria-label=\"En savoir plus sur Ligne de production de profil\u00e9s PVC en vente \u00e0 chaud par notre agent russe\" tabindex=\"-1\" >\n\t\t\t\t\t<\/a>\n\n\t\t\t\t\t<\/div>\n\t\t\t\t<\/div>\n\t\t\t\t<\/article>\n\t\t\t\t<article class=\"elementor-post elementor-grid-item post-4586 post type-post status-publish format-standard has-post-thumbnail hentry category-case-study\" role=\"listitem\">\n\t\t\t\t<a class=\"elementor-post__thumbnail__link\" href=\"https:\/\/trueprocnc.com\/fr\/ligne-de-production-indienne-automatisee-dun-seul-tenant-de-machines-de-traitement-du-verre-en-profondeur-2\/\" tabindex=\"-1\" >\n\t\t\t<div class=\"elementor-post__thumbnail\"><img loading=\"lazy\" decoding=\"async\" width=\"2048\" height=\"1536\" src=\"https:\/\/trueprocnc.com\/wp-content\/uploads\/2026\/02\/\u56fe\u72472-1-2048x1536.webp\" class=\"attachment-2048x2048 size-2048x2048 wp-image-4587\" alt=\"\" srcset=\"https:\/\/trueprocnc.com\/wp-content\/uploads\/2026\/02\/\u56fe\u72472-1-2048x1536.webp 2048w, https:\/\/trueprocnc.com\/wp-content\/uploads\/2026\/02\/\u56fe\u72472-1-300x225.webp 300w, https:\/\/trueprocnc.com\/wp-content\/uploads\/2026\/02\/\u56fe\u72472-1-1024x768.webp 1024w, https:\/\/trueprocnc.com\/wp-content\/uploads\/2026\/02\/\u56fe\u72472-1-768x576.webp 768w, https:\/\/trueprocnc.com\/wp-content\/uploads\/2026\/02\/\u56fe\u72472-1-1536x1152.webp 1536w\" sizes=\"(max-width: 2048px) 100vw, 2048px\" \/><\/div>\n\t\t<\/a>\n\t\t\t\t<div class=\"elementor-post__text\">\n\t\t\t\t<h3 class=\"elementor-post__title\">\n\t\t\t<a href=\"https:\/\/trueprocnc.com\/fr\/ligne-de-production-indienne-automatisee-dun-seul-tenant-de-machines-de-traitement-du-verre-en-profondeur-2\/\" >\n\t\t\t\tLigne de production automatis\u00e9e \u00e0 guichet unique pour la transformation du verre en profondeur en Inde\t\t\t<\/a>\n\t\t<\/h3>\n\t\t\t\t<div class=\"elementor-post__meta-data\">\n\t\t\t\t\t<span class=\"elementor-post-date\">\n\t\t\t11 f\u00e9vrier 2026\t\t<\/span>\n\t\t\t\t<\/div>\n\t\t\t\t<div class=\"elementor-post__excerpt\">\n\t\t\t<p>En Inde, un client important a achet\u00e9 avec succ\u00e8s notre ligne de production automatis\u00e9e de machines de traitement du verre en profondeur. Cette solution compl\u00e8te comprend des lignes de d\u00e9coupe du verre de pointe, des syst\u00e8mes intelligents de contr\u00f4le de la qualit\u00e9 et des syst\u00e8mes de contr\u00f4le de la qualit\u00e9.<\/p>\n\t\t<\/div>\n\t\t\t\t\t<div class=\"elementor-post__read-more-wrapper\">\n\t\t\n\t\t<a class=\"elementor-post__read-more\" href=\"https:\/\/trueprocnc.com\/fr\/ligne-de-production-indienne-automatisee-dun-seul-tenant-de-machines-de-traitement-du-verre-en-profondeur-2\/\" aria-label=\"En savoir plus sur Ligne de production automatis\u00e9e \u00e0 guichet unique pour le traitement du verre en profondeur en Inde\" tabindex=\"-1\" >\n\t\t\t\t\t<\/a>\n\n\t\t\t\t\t<\/div>\n\t\t\t\t<\/div>\n\t\t\t\t<\/article>\n\t\t\t\t<article class=\"elementor-post elementor-grid-item post-4583 post type-post status-publish format-standard has-post-thumbnail hentry category-case-study\" role=\"listitem\">\n\t\t\t\t<a class=\"elementor-post__thumbnail__link\" href=\"https:\/\/trueprocnc.com\/fr\/equipement-de-lusine-de-production-de-profiles-daluminium-en-georgie-2\/\" tabindex=\"-1\" >\n\t\t\t<div class=\"elementor-post__thumbnail\"><img loading=\"lazy\" decoding=\"async\" width=\"1200\" height=\"1600\" src=\"https:\/\/trueprocnc.com\/wp-content\/uploads\/2026\/02\/\u56fe\u72471-1.webp\" class=\"attachment-2048x2048 size-2048x2048 wp-image-4584\" alt=\"\" srcset=\"https:\/\/trueprocnc.com\/wp-content\/uploads\/2026\/02\/\u56fe\u72471-1.webp 1200w, https:\/\/trueprocnc.com\/wp-content\/uploads\/2026\/02\/\u56fe\u72471-1-225x300.webp 225w, https:\/\/trueprocnc.com\/wp-content\/uploads\/2026\/02\/\u56fe\u72471-1-768x1024.webp 768w, https:\/\/trueprocnc.com\/wp-content\/uploads\/2026\/02\/\u56fe\u72471-1-1152x1536.webp 1152w\" sizes=\"(max-width: 1200px) 100vw, 1200px\" \/><\/div>\n\t\t<\/a>\n\t\t\t\t<div class=\"elementor-post__text\">\n\t\t\t\t<h3 class=\"elementor-post__title\">\n\t\t\t<a href=\"https:\/\/trueprocnc.com\/fr\/equipement-de-lusine-de-production-de-profiles-daluminium-en-georgie-2\/\" >\n\t\t\t\tLigne de production de l'usine d'\u00e9quipement de profil\u00e9s en aluminium de G\u00e9orgie\t\t\t<\/a>\n\t\t<\/h3>\n\t\t\t\t<div class=\"elementor-post__meta-data\">\n\t\t\t\t\t<span class=\"elementor-post-date\">\n\t\t\t11 f\u00e9vrier 2026\t\t<\/span>\n\t\t\t\t<\/div>\n\t\t\t\t<div class=\"elementor-post__excerpt\">\n\t\t\t<p>L'usine g\u00e9orgienne d'\u00e9quipements pour profil\u00e9s en aluminium a acquis avec succ\u00e8s une ligne de production compl\u00e8te comprenant des scies \u00e0 d\u00e9couper les profil\u00e9s en aluminium et des machines connexes. Cette solution cl\u00e9 en main, fournie<\/p>\n\t\t<\/div>\n\t\t\t\t\t<div class=\"elementor-post__read-more-wrapper\">\n\t\t\n\t\t<a class=\"elementor-post__read-more\" href=\"https:\/\/trueprocnc.com\/fr\/equipement-de-lusine-de-production-de-profiles-daluminium-en-georgie-2\/\" aria-label=\"En savoir plus sur Ligne de production d&#039;\u00e9quipements de profil\u00e9s en aluminium g\u00e9orgiens\" tabindex=\"-1\" >\n\t\t\t\t\t<\/a>\n\n\t\t\t\t\t<\/div>\n\t\t\t\t<\/div>\n\t\t\t\t<\/article>\n\t\t\t\t<\/div>\n\t\t\n\t\t\t\t\t\t<\/div>\n\t\t\t\t<\/div>\n\t\t\t\t\t<\/div>\n\t\t\t\t<\/div>\n\t\t\t\t<\/div>","protected":false},"excerpt":{"rendered":"<p>cas<\/p>","protected":false},"author":3,"featured_media":0,"parent":0,"menu_order":0,"comment_status":"closed","ping_status":"closed","template":"","meta":{"_acf_changed":false,"footnotes":""},"class_list":["post-28","page","type-page","status-publish","hentry"],"acf":[],"_links":{"self":[{"href":"https:\/\/trueprocnc.com\/fr\/wp-json\/wp\/v2\/pages\/28","targetHints":{"allow":["GET"]}}],"collection":[{"href":"https:\/\/trueprocnc.com\/fr\/wp-json\/wp\/v2\/pages"}],"about":[{"href":"https:\/\/trueprocnc.com\/fr\/wp-json\/wp\/v2\/types\/page"}],"author":[{"embeddable":true,"href":"https:\/\/trueprocnc.com\/fr\/wp-json\/wp\/v2\/users\/3"}],"replies":[{"embeddable":true,"href":"https:\/\/trueprocnc.com\/fr\/wp-json\/wp\/v2\/comments?post=28"}],"version-history":[{"count":0,"href":"https:\/\/trueprocnc.com\/fr\/wp-json\/wp\/v2\/pages\/28\/revisions"}],"wp:attachment":[{"href":"https:\/\/trueprocnc.com\/fr\/wp-json\/wp\/v2\/media?parent=28"}],"curies":[{"name":"wp","href":"https:\/\/api.w.org\/{rel}","templated":true}]}}