{"id":28,"date":"2025-11-13T05:58:42","date_gmt":"2025-11-13T05:58:42","guid":{"rendered":"https:\/\/azure-pig-210859.hostingersite.com\/?page_id=28"},"modified":"2026-03-02T07:49:23","modified_gmt":"2026-03-02T07:49:23","slug":"case","status":"publish","type":"page","link":"https:\/\/trueprocnc.com\/pt\/caso-2\/","title":{"rendered":"CASO"},"content":{"rendered":"<div data-elementor-type=\"wp-page\" data-elementor-id=\"28\" class=\"elementor elementor-28\" data-elementor-post-type=\"page\">\n\t\t\t\t<div class=\"elementor-element elementor-element-7fc4902 e-con-full e-flex e-con e-parent\" data-id=\"7fc4902\" data-element_type=\"container\" data-settings=\"{&quot;background_background&quot;:&quot;classic&quot;}\">\n\t\t\t\t<div class=\"elementor-element elementor-element-6cb7613 elementor-widget elementor-widget-heading\" data-id=\"6cb7613\" data-element_type=\"widget\" data-widget_type=\"heading.default\">\n\t\t\t\t\t<h2 class=\"elementor-heading-title elementor-size-default\">caso<\/h2>\t\t\t\t<\/div>\n\t\t\t\t<div class=\"elementor-element elementor-element-b12a2e7 elementor-widget__width-inherit elementor-widget elementor-widget-shortcode\" data-id=\"b12a2e7\" data-element_type=\"widget\" data-widget_type=\"shortcode.default\">\n\t\t\t\t\t\t\t<div class=\"elementor-shortcode\"><nav aria-label=\"farinha de rosca\" class=\"rank-math-breadcrumb\"><p><span class=\"last\">In\u00edcio<\/span><\/p><\/nav>\n<\/div>\n\t\t\t\t\t\t<\/div>\n\t\t\t\t<\/div>\n\t\t<div class=\"elementor-element elementor-element-f6460f3 e-flex e-con-boxed e-con e-parent\" data-id=\"f6460f3\" data-element_type=\"container\">\n\t\t\t\t\t<div class=\"e-con-inner\">\n\t\t\t\t\t<\/div>\n\t\t\t\t<\/div>\n\t\t<div class=\"elementor-element elementor-element-d236e4a e-flex e-con-boxed e-con e-parent\" data-id=\"d236e4a\" data-element_type=\"container\">\n\t\t\t\t\t<div class=\"e-con-inner\">\n\t\t\t\t<div class=\"elementor-element elementor-element-4e87b2e elementor-grid-3 elementor-grid-tablet-2 elementor-grid-mobile-1 elementor-posts--thumbnail-top elementor-widget elementor-widget-posts\" data-id=\"4e87b2e\" data-element_type=\"widget\" data-settings=\"{&quot;classic_columns&quot;:&quot;3&quot;,&quot;classic_columns_tablet&quot;:&quot;2&quot;,&quot;classic_columns_mobile&quot;:&quot;1&quot;,&quot;classic_row_gap&quot;:{&quot;unit&quot;:&quot;px&quot;,&quot;size&quot;:35,&quot;sizes&quot;:[]},&quot;classic_row_gap_tablet&quot;:{&quot;unit&quot;:&quot;px&quot;,&quot;size&quot;:&quot;&quot;,&quot;sizes&quot;:[]},&quot;classic_row_gap_mobile&quot;:{&quot;unit&quot;:&quot;px&quot;,&quot;size&quot;:&quot;&quot;,&quot;sizes&quot;:[]}}\" data-widget_type=\"posts.classic\">\n\t\t\t\t<div class=\"elementor-widget-container\">\n\t\t\t\t\t\t\t<div class=\"elementor-posts-container elementor-posts elementor-posts--skin-classic elementor-grid\" role=\"list\">\n\t\t\t\t<article class=\"elementor-post elementor-grid-item post-4629 post type-post status-publish format-standard has-post-thumbnail hentry category-news\" role=\"listitem\">\n\t\t\t\t<a class=\"elementor-post__thumbnail__link\" href=\"https:\/\/trueprocnc.com\/pt\/maquina-de-fixacao-automatica-de-parafusos-com-fixacao-automatica-para-montagem-de-janelas-de-alta-eficiencia\/\" tabindex=\"-1\" >\n\t\t\t<div class=\"elementor-post__thumbnail\"><img fetchpriority=\"high\" decoding=\"async\" width=\"1500\" height=\"1500\" src=\"https:\/\/trueprocnc.com\/wp-content\/uploads\/2026\/02\/DSC03253.webp\" class=\"attachment-2048x2048 size-2048x2048 wp-image-4630\" alt=\"\" srcset=\"https:\/\/trueprocnc.com\/wp-content\/uploads\/2026\/02\/DSC03253.webp 1500w, https:\/\/trueprocnc.com\/wp-content\/uploads\/2026\/02\/DSC03253-300x300.webp 300w, https:\/\/trueprocnc.com\/wp-content\/uploads\/2026\/02\/DSC03253-1024x1024.webp 1024w, https:\/\/trueprocnc.com\/wp-content\/uploads\/2026\/02\/DSC03253-150x150.webp 150w, https:\/\/trueprocnc.com\/wp-content\/uploads\/2026\/02\/DSC03253-768x768.webp 768w\" sizes=\"(max-width: 1500px) 100vw, 1500px\" \/><\/div>\n\t\t<\/a>\n\t\t\t\t<div class=\"elementor-post__text\">\n\t\t\t\t<h3 class=\"elementor-post__title\">\n\t\t\t<a href=\"https:\/\/trueprocnc.com\/pt\/maquina-de-fixacao-automatica-de-parafusos-com-fixacao-automatica-para-montagem-de-janelas-de-alta-eficiencia\/\" >\n\t\t\t\tM\u00e1quina autom\u00e1tica de fixa\u00e7\u00e3o de parafusos com fixa\u00e7\u00e3o autom\u00e1tica para montagem de janelas de alta efici\u00eancia\t\t\t<\/a>\n\t\t<\/h3>\n\t\t\t\t<div class=\"elementor-post__meta-data\">\n\t\t\t\t\t<span class=\"elementor-post-date\">\n\t\t\t11 de fevereiro de 2026\t\t<\/span>\n\t\t\t\t<\/div>\n\t\t\t\t<div class=\"elementor-post__excerpt\">\n\t\t\t<p>Na fabrica\u00e7\u00e3o moderna de janelas, a precis\u00e3o e a velocidade s\u00e3o fundamentais. O aperto manual dos parafusos n\u00e3o s\u00f3 torna a produ\u00e7\u00e3o mais lenta, como tamb\u00e9m afeta a consist\u00eancia da montagem. Um parafuso autom\u00e1tico<\/p>\n\t\t<\/div>\n\t\t\t\t\t<div class=\"elementor-post__read-more-wrapper\">\n\t\t\n\t\t<a class=\"elementor-post__read-more\" href=\"https:\/\/trueprocnc.com\/pt\/maquina-de-fixacao-automatica-de-parafusos-com-fixacao-automatica-para-montagem-de-janelas-de-alta-eficiencia\/\" aria-label=\"Leia mais sobre M\u00e1quina de fixa\u00e7\u00e3o autom\u00e1tica de parafusos com fixa\u00e7\u00e3o autom\u00e1tica para montagem de janelas de alta efici\u00eancia\" tabindex=\"-1\" >\n\t\t\t\t\t<\/a>\n\n\t\t\t\t\t<\/div>\n\t\t\t\t<\/div>\n\t\t\t\t<\/article>\n\t\t\t\t<article class=\"elementor-post elementor-grid-item post-4626 post type-post status-publish format-standard has-post-thumbnail hentry category-news\" role=\"listitem\">\n\t\t\t\t<a class=\"elementor-post__thumbnail__link\" href=\"https:\/\/trueprocnc.com\/pt\/guia-completo-de-solucao-de-problemas-de-manutencao-para-maquinas-de-fresagem-de-ranhuras-a-agua-edicao-2026-2\/\" tabindex=\"-1\" >\n\t\t\t<div class=\"elementor-post__thumbnail\"><img decoding=\"async\" width=\"600\" height=\"800\" src=\"https:\/\/trueprocnc.com\/wp-content\/uploads\/2026\/02\/image.webp\" class=\"attachment-2048x2048 size-2048x2048 wp-image-4627\" alt=\"\" srcset=\"https:\/\/trueprocnc.com\/wp-content\/uploads\/2026\/02\/image.webp 600w, https:\/\/trueprocnc.com\/wp-content\/uploads\/2026\/02\/image-225x300.webp 225w\" sizes=\"(max-width: 600px) 100vw, 600px\" \/><\/div>\n\t\t<\/a>\n\t\t\t\t<div class=\"elementor-post__text\">\n\t\t\t\t<h3 class=\"elementor-post__title\">\n\t\t\t<a href=\"https:\/\/trueprocnc.com\/pt\/guia-completo-de-solucao-de-problemas-de-manutencao-para-maquinas-de-fresagem-de-ranhuras-a-agua-edicao-2026-2\/\" >\n\t\t\t\tGuia completo de manuten\u00e7\u00e3o e solu\u00e7\u00e3o de problemas para fresadoras de canais de \u00e1gua (Edi\u00e7\u00e3o 2026)\t\t\t<\/a>\n\t\t<\/h3>\n\t\t\t\t<div class=\"elementor-post__meta-data\">\n\t\t\t\t\t<span class=\"elementor-post-date\">\n\t\t\t11 de fevereiro de 2026\t\t<\/span>\n\t\t\t\t<\/div>\n\t\t\t\t<div class=\"elementor-post__excerpt\">\n\t\t\t<p>As fresadoras de ranhuras de \u00e1gua desempenham um papel fundamental na fabrica\u00e7\u00e3o de janelas de alum\u00ednio e PVC. A manuten\u00e7\u00e3o adequada n\u00e3o apenas aumenta a vida \u00fatil do equipamento, mas tamb\u00e9m garante a precis\u00e3o,<\/p>\n\t\t<\/div>\n\t\t\t\t\t<div class=\"elementor-post__read-more-wrapper\">\n\t\t\n\t\t<a class=\"elementor-post__read-more\" href=\"https:\/\/trueprocnc.com\/pt\/guia-completo-de-solucao-de-problemas-de-manutencao-para-maquinas-de-fresagem-de-ranhuras-a-agua-edicao-2026-2\/\" aria-label=\"Leia mais sobre Guia completo de manuten\u00e7\u00e3o e solu\u00e7\u00e3o de problemas para fresadoras de canais de \u00e1gua (Edi\u00e7\u00e3o 2026)\" tabindex=\"-1\" >\n\t\t\t\t\t<\/a>\n\n\t\t\t\t\t<\/div>\n\t\t\t\t<\/div>\n\t\t\t\t<\/article>\n\t\t\t\t<article class=\"elementor-post elementor-grid-item post-4622 post type-post status-publish format-standard has-post-thumbnail hentry category-news\" role=\"listitem\">\n\t\t\t\t<a class=\"elementor-post__thumbnail__link\" href=\"https:\/\/trueprocnc.com\/pt\/truetec-na-glass-south-america-elevando-os-padroes-de-processamento-de-vidro-2\/\" tabindex=\"-1\" >\n\t\t\t<div class=\"elementor-post__thumbnail\"><img decoding=\"async\" width=\"800\" height=\"600\" src=\"https:\/\/trueprocnc.com\/wp-content\/uploads\/2026\/02\/xw12.webp\" class=\"attachment-2048x2048 size-2048x2048 wp-image-4623\" alt=\"\" srcset=\"https:\/\/trueprocnc.com\/wp-content\/uploads\/2026\/02\/xw12.webp 800w, https:\/\/trueprocnc.com\/wp-content\/uploads\/2026\/02\/xw12-300x225.webp 300w, https:\/\/trueprocnc.com\/wp-content\/uploads\/2026\/02\/xw12-768x576.webp 768w\" sizes=\"(max-width: 800px) 100vw, 800px\" \/><\/div>\n\t\t<\/a>\n\t\t\t\t<div class=\"elementor-post__text\">\n\t\t\t\t<h3 class=\"elementor-post__title\">\n\t\t\t<a href=\"https:\/\/trueprocnc.com\/pt\/truetec-na-glass-south-america-elevando-os-padroes-de-processamento-de-vidro-2\/\" >\n\t\t\t\tTruetec na GLASS SOUTH AMERICA; elevando os padr\u00f5es de processamento de vidro\t\t\t<\/a>\n\t\t<\/h3>\n\t\t\t\t<div class=\"elementor-post__meta-data\">\n\t\t\t\t\t<span class=\"elementor-post-date\">\n\t\t\t11 de fevereiro de 2026\t\t<\/span>\n\t\t\t\t<\/div>\n\t\t\t\t<div class=\"elementor-post__excerpt\">\n\t\t\t<p>\u00c9 com grande satisfa\u00e7\u00e3o que anunciamos que a Truetec, l\u00edder em m\u00e1quinas de corte de vidro de \u00faltima gera\u00e7\u00e3o, participou com orgulho da prestigiada exposi\u00e7\u00e3o GLASS SOUTH AMERICA, realizada no Brasil.<\/p>\n\t\t<\/div>\n\t\t\t\t\t<div class=\"elementor-post__read-more-wrapper\">\n\t\t\n\t\t<a class=\"elementor-post__read-more\" href=\"https:\/\/trueprocnc.com\/pt\/truetec-na-glass-south-america-elevando-os-padroes-de-processamento-de-vidro-2\/\" aria-label=\"Leia mais sobre Truetec na GLASS SOUTH AMERICA; elevando os padr\u00f5es de processamento de vidro\" tabindex=\"-1\" >\n\t\t\t\t\t<\/a>\n\n\t\t\t\t\t<\/div>\n\t\t\t\t<\/div>\n\t\t\t\t<\/article>\n\t\t\t\t<article class=\"elementor-post elementor-grid-item post-4589 post type-post status-publish format-standard has-post-thumbnail hentry category-case-study\" role=\"listitem\">\n\t\t\t\t<a class=\"elementor-post__thumbnail__link\" href=\"https:\/\/trueprocnc.com\/pt\/linha-de-producao-de-perfis-de-pvc-de-venda-quente-de-nosso-agente-russo\/\" tabindex=\"-1\" >\n\t\t\t<div class=\"elementor-post__thumbnail\"><img loading=\"lazy\" decoding=\"async\" width=\"2048\" height=\"1480\" src=\"https:\/\/trueprocnc.com\/wp-content\/uploads\/2026\/02\/\u56fe\u72473-2048x1480.webp\" class=\"attachment-2048x2048 size-2048x2048 wp-image-4590\" alt=\"\" srcset=\"https:\/\/trueprocnc.com\/wp-content\/uploads\/2026\/02\/\u56fe\u72473-2048x1480.webp 2048w, https:\/\/trueprocnc.com\/wp-content\/uploads\/2026\/02\/\u56fe\u72473-300x217.webp 300w, https:\/\/trueprocnc.com\/wp-content\/uploads\/2026\/02\/\u56fe\u72473-1024x740.webp 1024w, https:\/\/trueprocnc.com\/wp-content\/uploads\/2026\/02\/\u56fe\u72473-768x555.webp 768w, https:\/\/trueprocnc.com\/wp-content\/uploads\/2026\/02\/\u56fe\u72473-1536x1110.webp 1536w\" sizes=\"(max-width: 2048px) 100vw, 2048px\" \/><\/div>\n\t\t<\/a>\n\t\t\t\t<div class=\"elementor-post__text\">\n\t\t\t\t<h3 class=\"elementor-post__title\">\n\t\t\t<a href=\"https:\/\/trueprocnc.com\/pt\/linha-de-producao-de-perfis-de-pvc-de-venda-quente-de-nosso-agente-russo\/\" >\n\t\t\t\tLinha de produ\u00e7\u00e3o de perfis de PVC de venda quente de nosso agente russo\t\t\t<\/a>\n\t\t<\/h3>\n\t\t\t\t<div class=\"elementor-post__meta-data\">\n\t\t\t\t\t<span class=\"elementor-post-date\">\n\t\t\t11 de fevereiro de 2026\t\t<\/span>\n\t\t\t\t<\/div>\n\t\t\t\t<div class=\"elementor-post__excerpt\">\n\t\t\t<p>Por meio de nosso agente dedicado na R\u00fassia, entregamos com sucesso uma linha de produ\u00e7\u00e3o de perfis de PVC de alta demanda, projetada especificamente para a fabrica\u00e7\u00e3o de janelas e portas de PVC. A presen\u00e7a<\/p>\n\t\t<\/div>\n\t\t\t\t\t<div class=\"elementor-post__read-more-wrapper\">\n\t\t\n\t\t<a class=\"elementor-post__read-more\" href=\"https:\/\/trueprocnc.com\/pt\/linha-de-producao-de-perfis-de-pvc-de-venda-quente-de-nosso-agente-russo\/\" aria-label=\"Leia mais sobre Linha de produ\u00e7\u00e3o de perfis de PVC de venda quente de nosso agente russo\" tabindex=\"-1\" >\n\t\t\t\t\t<\/a>\n\n\t\t\t\t\t<\/div>\n\t\t\t\t<\/div>\n\t\t\t\t<\/article>\n\t\t\t\t<article class=\"elementor-post elementor-grid-item post-4586 post type-post status-publish format-standard has-post-thumbnail hentry category-case-study\" role=\"listitem\">\n\t\t\t\t<a class=\"elementor-post__thumbnail__link\" href=\"https:\/\/trueprocnc.com\/pt\/linha-de-producao-de-maquinas-de-processamento-profundo-de-vidro-automatizada-da-india-2\/\" tabindex=\"-1\" >\n\t\t\t<div class=\"elementor-post__thumbnail\"><img loading=\"lazy\" decoding=\"async\" width=\"2048\" height=\"1536\" src=\"https:\/\/trueprocnc.com\/wp-content\/uploads\/2026\/02\/\u56fe\u72472-1-2048x1536.webp\" class=\"attachment-2048x2048 size-2048x2048 wp-image-4587\" alt=\"\" srcset=\"https:\/\/trueprocnc.com\/wp-content\/uploads\/2026\/02\/\u56fe\u72472-1-2048x1536.webp 2048w, https:\/\/trueprocnc.com\/wp-content\/uploads\/2026\/02\/\u56fe\u72472-1-300x225.webp 300w, https:\/\/trueprocnc.com\/wp-content\/uploads\/2026\/02\/\u56fe\u72472-1-1024x768.webp 1024w, https:\/\/trueprocnc.com\/wp-content\/uploads\/2026\/02\/\u56fe\u72472-1-768x576.webp 768w, https:\/\/trueprocnc.com\/wp-content\/uploads\/2026\/02\/\u56fe\u72472-1-1536x1152.webp 1536w\" sizes=\"(max-width: 2048px) 100vw, 2048px\" \/><\/div>\n\t\t<\/a>\n\t\t\t\t<div class=\"elementor-post__text\">\n\t\t\t\t<h3 class=\"elementor-post__title\">\n\t\t\t<a href=\"https:\/\/trueprocnc.com\/pt\/linha-de-producao-de-maquinas-de-processamento-profundo-de-vidro-automatizada-da-india-2\/\" >\n\t\t\t\tLinha de produ\u00e7\u00e3o automatizada de m\u00e1quinas de processamento profundo de vidro da \u00cdndia\t\t\t<\/a>\n\t\t<\/h3>\n\t\t\t\t<div class=\"elementor-post__meta-data\">\n\t\t\t\t\t<span class=\"elementor-post-date\">\n\t\t\t11 de fevereiro de 2026\t\t<\/span>\n\t\t\t\t<\/div>\n\t\t\t\t<div class=\"elementor-post__excerpt\">\n\t\t\t<p>Na \u00cdndia, um grande cliente comprou com sucesso nossa linha de produ\u00e7\u00e3o automatizada de m\u00e1quinas de processamento profundo de vidro. Essa solu\u00e7\u00e3o abrangente conta com linhas avan\u00e7adas de corte de vidro, equipamentos inteligentes de<\/p>\n\t\t<\/div>\n\t\t\t\t\t<div class=\"elementor-post__read-more-wrapper\">\n\t\t\n\t\t<a class=\"elementor-post__read-more\" href=\"https:\/\/trueprocnc.com\/pt\/linha-de-producao-de-maquinas-de-processamento-profundo-de-vidro-automatizada-da-india-2\/\" aria-label=\"Leia mais sobre Linha de produ\u00e7\u00e3o automatizada de m\u00e1quinas de processamento profundo de vidro da \u00cdndia\" tabindex=\"-1\" >\n\t\t\t\t\t<\/a>\n\n\t\t\t\t\t<\/div>\n\t\t\t\t<\/div>\n\t\t\t\t<\/article>\n\t\t\t\t<article class=\"elementor-post elementor-grid-item post-4583 post type-post status-publish format-standard has-post-thumbnail hentry category-case-study\" role=\"listitem\">\n\t\t\t\t<a class=\"elementor-post__thumbnail__link\" href=\"https:\/\/trueprocnc.com\/pt\/linha-de-producao-da-fabrica-de-equipamentos-para-perfis-de-aluminio-da-georgia-2\/\" tabindex=\"-1\" >\n\t\t\t<div class=\"elementor-post__thumbnail\"><img loading=\"lazy\" decoding=\"async\" width=\"1200\" height=\"1600\" src=\"https:\/\/trueprocnc.com\/wp-content\/uploads\/2026\/02\/\u56fe\u72471-1.webp\" class=\"attachment-2048x2048 size-2048x2048 wp-image-4584\" alt=\"\" srcset=\"https:\/\/trueprocnc.com\/wp-content\/uploads\/2026\/02\/\u56fe\u72471-1.webp 1200w, https:\/\/trueprocnc.com\/wp-content\/uploads\/2026\/02\/\u56fe\u72471-1-225x300.webp 225w, https:\/\/trueprocnc.com\/wp-content\/uploads\/2026\/02\/\u56fe\u72471-1-768x1024.webp 768w, https:\/\/trueprocnc.com\/wp-content\/uploads\/2026\/02\/\u56fe\u72471-1-1152x1536.webp 1152w\" sizes=\"(max-width: 1200px) 100vw, 1200px\" \/><\/div>\n\t\t<\/a>\n\t\t\t\t<div class=\"elementor-post__text\">\n\t\t\t\t<h3 class=\"elementor-post__title\">\n\t\t\t<a href=\"https:\/\/trueprocnc.com\/pt\/linha-de-producao-da-fabrica-de-equipamentos-para-perfis-de-aluminio-da-georgia-2\/\" >\n\t\t\t\tLinha de produ\u00e7\u00e3o da f\u00e1brica de equipamentos para perfis de alum\u00ednio da Ge\u00f3rgia\t\t\t<\/a>\n\t\t<\/h3>\n\t\t\t\t<div class=\"elementor-post__meta-data\">\n\t\t\t\t\t<span class=\"elementor-post-date\">\n\t\t\t11 de fevereiro de 2026\t\t<\/span>\n\t\t\t\t<\/div>\n\t\t\t\t<div class=\"elementor-post__excerpt\">\n\t\t\t<p>A f\u00e1brica de equipamentos de perfis de alum\u00ednio da Ge\u00f3rgia adquiriu com sucesso uma linha de produ\u00e7\u00e3o completa, incluindo serras de corte de perfis de alum\u00ednio avan\u00e7adas e maquin\u00e1rio relacionado. Essa solu\u00e7\u00e3o pronta para uso, fornecida<\/p>\n\t\t<\/div>\n\t\t\t\t\t<div class=\"elementor-post__read-more-wrapper\">\n\t\t\n\t\t<a class=\"elementor-post__read-more\" href=\"https:\/\/trueprocnc.com\/pt\/linha-de-producao-da-fabrica-de-equipamentos-para-perfis-de-aluminio-da-georgia-2\/\" aria-label=\"Leia mais sobre Linha de produ\u00e7\u00e3o da f\u00e1brica de equipamentos para perfis de alum\u00ednio da Ge\u00f3rgia\" tabindex=\"-1\" >\n\t\t\t\t\t<\/a>\n\n\t\t\t\t\t<\/div>\n\t\t\t\t<\/div>\n\t\t\t\t<\/article>\n\t\t\t\t<\/div>\n\t\t\n\t\t\t\t\t\t<\/div>\n\t\t\t\t<\/div>\n\t\t\t\t\t<\/div>\n\t\t\t\t<\/div>\n\t\t\t\t<\/div>","protected":false},"excerpt":{"rendered":"<p>caso<\/p>","protected":false},"author":3,"featured_media":0,"parent":0,"menu_order":0,"comment_status":"closed","ping_status":"closed","template":"","meta":{"_acf_changed":false,"footnotes":""},"class_list":["post-28","page","type-page","status-publish","hentry"],"acf":[],"_links":{"self":[{"href":"https:\/\/trueprocnc.com\/pt\/wp-json\/wp\/v2\/pages\/28","targetHints":{"allow":["GET"]}}],"collection":[{"href":"https:\/\/trueprocnc.com\/pt\/wp-json\/wp\/v2\/pages"}],"about":[{"href":"https:\/\/trueprocnc.com\/pt\/wp-json\/wp\/v2\/types\/page"}],"author":[{"embeddable":true,"href":"https:\/\/trueprocnc.com\/pt\/wp-json\/wp\/v2\/users\/3"}],"replies":[{"embeddable":true,"href":"https:\/\/trueprocnc.com\/pt\/wp-json\/wp\/v2\/comments?post=28"}],"version-history":[{"count":0,"href":"https:\/\/trueprocnc.com\/pt\/wp-json\/wp\/v2\/pages\/28\/revisions"}],"wp:attachment":[{"href":"https:\/\/trueprocnc.com\/pt\/wp-json\/wp\/v2\/media?parent=28"}],"curies":[{"name":"wp","href":"https:\/\/api.w.org\/{rel}","templated":true}]}}